{"id":185,"date":"2019-02-03T23:30:11","date_gmt":"2019-02-03T22:30:11","guid":{"rendered":"http:\/\/xn--ateliercramiquepluss-i2b.fr\/?page_id=185"},"modified":"2021-03-17T20:55:59","modified_gmt":"2021-03-17T19:55:59","slug":"travailler-largile","status":"publish","type":"page","link":"https:\/\/xn--ateliercramiquepluss-i2b.fr\/?page_id=185","title":{"rendered":"Contact"},"content":{"rendered":"\n<p>Atelier de C\u00e9ramique <\/p>\n\n\n\n<p>Fran\u00e7oise et Jean-Fran\u00e7ois Pluss<\/p>\n\n\n\n<p>39 rue des Femmes<\/p>\n\n\n\n<p>67310 Balbronn<\/p>\n\n\n\n<p>fransoisepluss@orange.fr<\/p>\n\n\n\n<p>fjf.pluss@orange.fr<\/p>\n\n\n\n<p>tel. fixe: 03 88 50 56 95 <\/p>\n\n\n\n<p>portable: 06 83 95 61 93<\/p>\n\n\n\n<p>portable: 06 51 12 29 93<\/p>\n\n\n\n<p>\u00c9v\u00e9nements \u00e0 venir et \u00e0 confirmer:<\/p>\n\n\n\n<p> expositions, journ\u00e9es des m\u00e9tiers d&rsquo;arts ou cours<br><\/p>\n\n\n\n<p>Visite de l&rsquo;atelier sur rendez-vous, par t\u00e9l\u00e9phone ou courriel <\/p>\n\n\n\n<p><\/p>\n","protected":false},"excerpt":{"rendered":"<p>Atelier de C\u00e9ramique Fran\u00e7oise et Jean-Fran\u00e7ois Pluss 39 rue des Femmes 67310 Balbronn fransoisepluss@orange.fr fjf.pluss@orange.fr tel. fixe: 03 88 50 56 95 portable: 06 83 95 61 93 portable: 06 51 12 29 93 \u00c9v\u00e9nements \u00e0 venir et \u00e0 confirmer: expositions, journ\u00e9es des m\u00e9tiers d&rsquo;arts ou cours Visite de l&rsquo;atelier sur rendez-vous, par t\u00e9l\u00e9phone ou &hellip; <\/p>\n<p class=\"link-more\"><a href=\"https:\/\/xn--ateliercramiquepluss-i2b.fr\/?page_id=185\" class=\"more-link\">Continuer la lecture<span class=\"screen-reader-text\"> de &laquo;&nbsp;Contact&nbsp;&raquo;<\/span><\/a><\/p>\n","protected":false},"author":1,"featured_media":42,"parent":0,"menu_order":0,"comment_status":"closed","ping_status":"closed","template":"","meta":{"footnotes":""},"class_list":["post-185","page","type-page","status-publish","has-post-thumbnail","hentry"],"_links":{"self":[{"href":"https:\/\/xn--ateliercramiquepluss-i2b.fr\/index.php?rest_route=\/wp\/v2\/pages\/185","targetHints":{"allow":["GET"]}}],"collection":[{"href":"https:\/\/xn--ateliercramiquepluss-i2b.fr\/index.php?rest_route=\/wp\/v2\/pages"}],"about":[{"href":"https:\/\/xn--ateliercramiquepluss-i2b.fr\/index.php?rest_route=\/wp\/v2\/types\/page"}],"author":[{"embeddable":true,"href":"https:\/\/xn--ateliercramiquepluss-i2b.fr\/index.php?rest_route=\/wp\/v2\/users\/1"}],"replies":[{"embeddable":true,"href":"https:\/\/xn--ateliercramiquepluss-i2b.fr\/index.php?rest_route=%2Fwp%2Fv2%2Fcomments&post=185"}],"version-history":[{"count":9,"href":"https:\/\/xn--ateliercramiquepluss-i2b.fr\/index.php?rest_route=\/wp\/v2\/pages\/185\/revisions"}],"predecessor-version":[{"id":589,"href":"https:\/\/xn--ateliercramiquepluss-i2b.fr\/index.php?rest_route=\/wp\/v2\/pages\/185\/revisions\/589"}],"wp:featuredmedia":[{"embeddable":true,"href":"https:\/\/xn--ateliercramiquepluss-i2b.fr\/index.php?rest_route=\/wp\/v2\/media\/42"}],"wp:attachment":[{"href":"https:\/\/xn--ateliercramiquepluss-i2b.fr\/index.php?rest_route=%2Fwp%2Fv2%2Fmedia&parent=185"}],"curies":[{"name":"wp","href":"https:\/\/api.w.org\/{rel}","templated":true}]}}