{"id":2,"date":"2018-11-22T23:51:16","date_gmt":"2018-11-22T22:51:16","guid":{"rendered":"http:\/\/xn--ateliercramiquepluss-i2b.fr\/?page_id=2"},"modified":"2020-05-25T19:00:22","modified_gmt":"2020-05-25T17:00:22","slug":"page-d-exemple","status":"publish","type":"page","link":"https:\/\/xn--ateliercramiquepluss-i2b.fr\/","title":{"rendered":"Atelier de C\u00e9ramique Pluss"},"content":{"rendered":"\n<figure class=\"wp-block-image\"><img decoding=\"async\" src=\"https:\/\/xn--ateliercramiquepluss-i2b.fr\/wp-content\/uploads\/2020\/04\/IMG_20200415_161758-768x1024.jpg\" alt=\"\"\/><\/figure>\n\n\n<p>Nous sommes deux \u00e0 travailler l&rsquo;argile \u00e0 l&rsquo;atelier de Balbronn, depuis plus de trente ann\u00e9es. Nous utilisons plusieurs sortes d&rsquo;argile, terre \u00e0 gr\u00e8s, chamott\u00e9es ou non, blanches ou plus fonc\u00e9es, porcelaine.<br>Plusieurs techniques sont utilis\u00e9es: le tournage, le plus souvent pour des objets utilitaires, bols, th\u00e9i\u00e8res, vases, boites,.<br>Le modelage, pour fa\u00e7onner des bols, des sculptures, visages, animaux et tout autre objet cr\u00e9atif.<br>Travail \u00e0 la plaque, assemblage de feuilles de terre crue et d\u00e9coup\u00e9es pour monter un vase, une sculpture, un masque,.<br>Ensuite, vient le s\u00e9chage, op\u00e9ration d\u00e9licate. L&rsquo;argile a tendance \u00e0 gauchir, se fendre.<br>Pour la d\u00e9coration, on peut peindre chaque objet avec des engobes, les graver, les polir.<\/p>\n\n\n<p><\/p>\n","protected":false},"excerpt":{"rendered":"<p>Nous sommes deux \u00e0 travailler l&rsquo;argile \u00e0 l&rsquo;atelier de Balbronn, depuis plus de trente ann\u00e9es. Nous utilisons plusieurs sortes d&rsquo;argile, terre \u00e0 gr\u00e8s, chamott\u00e9es ou non, blanches ou plus fonc\u00e9es, porcelaine.Plusieurs techniques sont utilis\u00e9es: le tournage, le plus souvent pour des objets utilitaires, bols, th\u00e9i\u00e8res, vases, boites,.Le modelage, pour fa\u00e7onner des bols, des sculptures, visages, &hellip; <\/p>\n<p class=\"link-more\"><a href=\"https:\/\/xn--ateliercramiquepluss-i2b.fr\/\" class=\"more-link\">Continuer la lecture<span class=\"screen-reader-text\"> de &laquo;&nbsp;Atelier de C\u00e9ramique Pluss&nbsp;&raquo;<\/span><\/a><\/p>\n","protected":false},"author":1,"featured_media":0,"parent":0,"menu_order":0,"comment_status":"closed","ping_status":"open","template":"","meta":{"footnotes":""},"class_list":["post-2","page","type-page","status-publish","hentry"],"_links":{"self":[{"href":"https:\/\/xn--ateliercramiquepluss-i2b.fr\/index.php?rest_route=\/wp\/v2\/pages\/2","targetHints":{"allow":["GET"]}}],"collection":[{"href":"https:\/\/xn--ateliercramiquepluss-i2b.fr\/index.php?rest_route=\/wp\/v2\/pages"}],"about":[{"href":"https:\/\/xn--ateliercramiquepluss-i2b.fr\/index.php?rest_route=\/wp\/v2\/types\/page"}],"author":[{"embeddable":true,"href":"https:\/\/xn--ateliercramiquepluss-i2b.fr\/index.php?rest_route=\/wp\/v2\/users\/1"}],"replies":[{"embeddable":true,"href":"https:\/\/xn--ateliercramiquepluss-i2b.fr\/index.php?rest_route=%2Fwp%2Fv2%2Fcomments&post=2"}],"version-history":[{"count":5,"href":"https:\/\/xn--ateliercramiquepluss-i2b.fr\/index.php?rest_route=\/wp\/v2\/pages\/2\/revisions"}],"predecessor-version":[{"id":444,"href":"https:\/\/xn--ateliercramiquepluss-i2b.fr\/index.php?rest_route=\/wp\/v2\/pages\/2\/revisions\/444"}],"wp:attachment":[{"href":"https:\/\/xn--ateliercramiquepluss-i2b.fr\/index.php?rest_route=%2Fwp%2Fv2%2Fmedia&parent=2"}],"curies":[{"name":"wp","href":"https:\/\/api.w.org\/{rel}","templated":true}]}}